{"id":7431,"date":"2015-12-24T09:25:46","date_gmt":"2015-12-24T08:25:46","guid":{"rendered":"http:\/\/www.2muve.de\/?page_id=7431"},"modified":"2018-02-15T10:07:41","modified_gmt":"2018-02-15T09:07:41","slug":"about","status":"publish","type":"page","link":"https:\/\/www.2muve.de\/index.php\/about\/","title":{"rendered":"\u00dcber uns"},"content":{"rendered":"<p><strong>Hall\u00f6chen und herzlich willkommen auf 2muve!<\/strong><br \/>\nIhr seid hier auf die Seite von Early Bird und Night Owl gesto\u00dfen, auf der wir euch von unseren Erlebnissen erz\u00e4hlen \ud83d\ude42 .<\/p>\n<p>2muve steht f\u00fcr uns zwei und unser gro\u00dfes Sommerabenteuer 2016: Der <a href=\"https:\/\/www.2muve.de\/index.php\/traumpfad-muenchen-venedig\/\">Traumpfad von M\u00fcnchen nach Venedig<\/a>. Wir haben hier Vorbereitungen, Vorfreude und Berichte zur Wanderung geteilt :-). Das war&#8217;s aber noch nicht, ihr findet hier noch viel mehr.<\/p>\n<div id=\"kad-wp-gallery72\" class=\"kad-wp-gallery kad-light-wp-gallery clearfix kt-gallery-column-4 rowtight\"><div class=\"tcol-lg-3 tcol-md-3 tcol-sm-4 tcol-xs-6 tcol-ss-12 g_item\"><div class=\"grid_item kad_gallery_fade_in gallery_item\"><a href=\"https:\/\/www.2muve.de\/wp-content\/uploads\/2015\/12\/about2.jpg\" data-rel=\"lightbox\" class=\"lightboxhover\"><img loading=\"lazy\" decoding=\"async\" src=\"https:\/\/www.2muve.de\/wp-content\/uploads\/2015\/12\/about2-300x300.jpg\" width=\"300\" height=\"300\" alt=\"2muve\" srcset=\"https:\/\/www.2muve.de\/wp-content\/uploads\/2015\/12\/about2-300x300.jpg 300w, https:\/\/www.2muve.de\/wp-content\/uploads\/2015\/12\/about2-150x150.jpg 150w, https:\/\/www.2muve.de\/wp-content\/uploads\/2015\/12\/about2-600x600.jpg 600w\" sizes=\"auto, (max-width: 300px) 100vw, 300px\" class=\"light-dropshaddow\"\/><\/a><\/div><\/div><div class=\"tcol-lg-3 tcol-md-3 tcol-sm-4 tcol-xs-6 tcol-ss-12 g_item\"><div class=\"grid_item kad_gallery_fade_in gallery_item\"><a href=\"https:\/\/www.2muve.de\/wp-content\/uploads\/2015\/12\/about01.jpg\" data-rel=\"lightbox\" class=\"lightboxhover\"><img loading=\"lazy\" decoding=\"async\" src=\"https:\/\/www.2muve.de\/wp-content\/uploads\/2015\/12\/about01-300x300.jpg\" width=\"300\" height=\"300\" alt=\"2muve\" srcset=\"https:\/\/www.2muve.de\/wp-content\/uploads\/2015\/12\/about01-300x300.jpg 300w, https:\/\/www.2muve.de\/wp-content\/uploads\/2015\/12\/about01-150x150.jpg 150w, https:\/\/www.2muve.de\/wp-content\/uploads\/2015\/12\/about01-600x600.jpg 600w\" sizes=\"auto, (max-width: 300px) 100vw, 300px\" class=\"light-dropshaddow\"\/><\/a><\/div><\/div><div class=\"tcol-lg-3 tcol-md-3 tcol-sm-4 tcol-xs-6 tcol-ss-12 g_item\"><div class=\"grid_item kad_gallery_fade_in gallery_item\"><a href=\"https:\/\/www.2muve.de\/wp-content\/uploads\/2016\/04\/KipphornGoldsteinWintersteinIdagrotteCarola_6_1.jpg\" data-rel=\"lightbox\" class=\"lightboxhover\"><img loading=\"lazy\" decoding=\"async\" src=\"https:\/\/www.2muve.de\/wp-content\/uploads\/2016\/04\/KipphornGoldsteinWintersteinIdagrotteCarola_6_1-300x300.jpg\" width=\"300\" height=\"300\" alt=\"Night Owl\" srcset=\"https:\/\/www.2muve.de\/wp-content\/uploads\/2016\/04\/KipphornGoldsteinWintersteinIdagrotteCarola_6_1-300x300.jpg 300w, https:\/\/www.2muve.de\/wp-content\/uploads\/2016\/04\/KipphornGoldsteinWintersteinIdagrotteCarola_6_1-150x150.jpg 150w\" sizes=\"auto, (max-width: 300px) 100vw, 300px\" class=\"light-dropshaddow\"\/><\/a><\/div><\/div><div class=\"tcol-lg-3 tcol-md-3 tcol-sm-4 tcol-xs-6 tcol-ss-12 g_item\"><div class=\"grid_item kad_gallery_fade_in gallery_item\"><a href=\"https:\/\/www.2muve.de\/wp-content\/uploads\/2016\/04\/KipphornGoldsteinWintersteinIdagrotteCarola_7.jpg\" data-rel=\"lightbox\" class=\"lightboxhover\"><img loading=\"lazy\" decoding=\"async\" src=\"https:\/\/www.2muve.de\/wp-content\/uploads\/2016\/04\/KipphornGoldsteinWintersteinIdagrotteCarola_7-300x300.jpg\" width=\"300\" height=\"300\" alt=\"Early Bird\" srcset=\"https:\/\/www.2muve.de\/wp-content\/uploads\/2016\/04\/KipphornGoldsteinWintersteinIdagrotteCarola_7-300x300.jpg 300w, https:\/\/www.2muve.de\/wp-content\/uploads\/2016\/04\/KipphornGoldsteinWintersteinIdagrotteCarola_7-150x150.jpg 150w\" sizes=\"auto, (max-width: 300px) 100vw, 300px\" class=\"light-dropshaddow\"\/><\/a><\/div><\/div><\/div>\n<p>Hinter 2muve versteckt sich aber noch viel mehr, daher haben wir unsere Erlebnisse in verschiedene Kategorien eingeteilt, die sich unseren Leidenschaften widmen:<\/p>\n<p><img loading=\"lazy\" decoding=\"async\" src=\"https:\/\/www.2muve.de\/wp-content\/uploads\/2016\/01\/up_dark.png\" alt=\"up_light\" width=\"20\" height=\"20\" \/> <strong>muveUP<\/strong>: Unterwegs in den Bergen und auf deren Gipfel<br \/>\n<img loading=\"lazy\" decoding=\"async\" src=\"https:\/\/www.2muve.de\/wp-content\/uploads\/2016\/01\/fast_dark.png\" alt=\"fast_light\" width=\"20\" height=\"20\" \/> <strong>muveFAST<\/strong>: Laufen und L\u00e4ufe<br \/>\n<img loading=\"lazy\" decoding=\"async\" src=\"https:\/\/www.2muve.de\/wp-content\/uploads\/2016\/01\/away_dark.png\" alt=\"away_light\" width=\"20\" height=\"20\" \/> <strong>muveAWAY<\/strong>: Urlaubsziele im In- und Ausland<br \/>\n<img loading=\"lazy\" decoding=\"async\" src=\"https:\/\/www.2muve.de\/wp-content\/uploads\/2016\/02\/lively_dark.png\" alt=\"lively_light\" width=\"20\" height=\"20\" \/> <strong>muveLIVELY<\/strong>: Vegane Rezepte zum Energie tanken<br \/>\n<img loading=\"lazy\" decoding=\"async\" src=\"https:\/\/www.2muve.de\/wp-content\/uploads\/2016\/02\/boldly_dark.png\" alt=\"boldly_light\" width=\"20\" height=\"20\" \/> <strong>muveBOLDLY<\/strong>: Abenteuer und neue Erfahrungen<br \/>\n<img loading=\"lazy\" decoding=\"async\" src=\"https:\/\/www.2muve.de\/wp-content\/uploads\/2016\/01\/far_dark.png\" alt=\"far_light\" width=\"20\" height=\"20\" \/> <strong>muveFAR<\/strong>: Fernwander- und Radwege<\/p>\n<p>Wir freuen uns auf viele Erlebnisse mit euch!<\/p>\n<p>Eure<br \/>\nEarly Bird Sabine und Night Owl Tatjana \ud83d\ude42<\/p>\n","protected":false},"excerpt":{"rendered":"<p>Hall\u00f6chen und herzlich willkommen auf 2muve! Ihr seid hier auf die Seite von Early Bird und Night Owl gesto\u00dfen, auf der wir euch von unseren Erlebnissen erz\u00e4hlen \ud83d\ude42 . 2muve steht f\u00fcr uns zwei und unser gro\u00dfes Sommerabenteuer 2016: Der &hellip; <a href=\"https:\/\/www.2muve.de\/index.php\/about\/\">Weiter<\/a><\/p>\n","protected":false},"author":3,"featured_media":0,"parent":0,"menu_order":0,"comment_status":"closed","ping_status":"closed","template":"page-sidebar.php","meta":{"kt_blocks_editor_width":"","footnotes":""},"class_list":["post-7431","page","type-page","status-publish","hentry"],"_links":{"self":[{"href":"https:\/\/www.2muve.de\/index.php\/wp-json\/wp\/v2\/pages\/7431","targetHints":{"allow":["GET"]}}],"collection":[{"href":"https:\/\/www.2muve.de\/index.php\/wp-json\/wp\/v2\/pages"}],"about":[{"href":"https:\/\/www.2muve.de\/index.php\/wp-json\/wp\/v2\/types\/page"}],"author":[{"embeddable":true,"href":"https:\/\/www.2muve.de\/index.php\/wp-json\/wp\/v2\/users\/3"}],"replies":[{"embeddable":true,"href":"https:\/\/www.2muve.de\/index.php\/wp-json\/wp\/v2\/comments?post=7431"}],"version-history":[{"count":17,"href":"https:\/\/www.2muve.de\/index.php\/wp-json\/wp\/v2\/pages\/7431\/revisions"}],"predecessor-version":[{"id":9373,"href":"https:\/\/www.2muve.de\/index.php\/wp-json\/wp\/v2\/pages\/7431\/revisions\/9373"}],"wp:attachment":[{"href":"https:\/\/www.2muve.de\/index.php\/wp-json\/wp\/v2\/media?parent=7431"}],"curies":[{"name":"wp","href":"https:\/\/api.w.org\/{rel}","templated":true}]}}